{"id":41,"date":"2024-04-24T17:38:41","date_gmt":"2024-04-24T14:38:41","guid":{"rendered":"http:\/\/tsp-al.com\/?page_id=41"},"modified":"2025-11-26T14:27:19","modified_gmt":"2025-11-26T14:27:19","slug":"home-tr","status":"publish","type":"page","link":"https:\/\/tsp-al.com\/tr\/","title":{"rendered":"Home EN"},"content":{"rendered":"<div class=\"wpb-content-wrapper\"><div id=\"home\" class=\"vc_row wpb_row vc_row-fluid\" data-ls_id=\"#home\" tabindex=\"-1\"><div class=\"wpb_column vc_column_container vc_col-sm-12\"><div class=\"vc_column-inner\"><div class=\"wpb_wrapper\"><div class=\"vcex-heading vcex-heading-plain vcex-module wpex-heading wpex-text-2xl hidden\"><span class=\"vcex-heading-inner wpex-inline-block\">Ana Sayfa<\/span><\/div>\n\t<div class=\"wpb_text_column wpb_content_element\" >\n\t\t<div class=\"wpb_wrapper\">\n\t\t\t<p><img loading=\"lazy\" decoding=\"async\" class=\"alignnone size-full wp-image-99\" src=\"http:\/\/tsp-al.com\/wp-content\/uploads\/2024\/05\/galeri_buyuk_17_new-1.jpg\" alt=\"\" width=\"1700\" height=\"955\" \/><\/p>\n\n\t\t<\/div>\n\t<\/div>\n<\/div><\/div><\/div><\/div><div id=\"company\" class=\"vc_row wpb_row vc_row-fluid vc_custom_1715776054013 wpex-vc_row-has-fill wpex-vc-reset-negative-margin\" data-ls_id=\"#company\" tabindex=\"-1\"><div class=\"wpb_column vc_column_container vc_col-sm-12\"><div class=\"vc_column-inner\"><div class=\"wpb_wrapper\"><div class=\"vcex-heading vcex-heading-plain vcex-module wpex-heading wpex-text-2xl\"><span class=\"vcex-heading-inner wpex-inline-block\">Hakk\u0131m\u0131zda<\/span><\/div><\/div><\/div><\/div><\/div><div class=\"vc_row wpb_row vc_row-fluid vc_custom_1715777542376 vc_row-o-content-middle vc_row-flex\"><div class=\"wpb_column mobile-pic vc_column_container vc_col-sm-6\"><div class=\"vc_column-inner vc_custom_1715959911330\"><div class=\"wpb_wrapper\"><figure class=\"vcex-image vcex-module textleft\"><div class=\"vcex-image-inner wpex-relative wpex-w-100\"><img width=\"503\" height=\"274\" src=\"https:\/\/tsp-al.com\/wp-content\/uploads\/2024\/04\/tsp-about-e1715777824526.jpg\" class=\"vcex-image-img wpex-align-middle wpex-w-100 wpex-aspect-16-9 wpex-object-cover\" alt=\"\" loading=\"lazy\" decoding=\"async\" srcset=\"https:\/\/tsp-al.com\/wp-content\/uploads\/2024\/04\/tsp-about-e1715777824526.jpg 503w, https:\/\/tsp-al.com\/wp-content\/uploads\/2024\/04\/tsp-about-e1715777824526-300x163.jpg 300w\" sizes=\"(max-width: 503px) 100vw, 503px\" \/><\/div><\/figure><\/div><\/div><\/div><div class=\"wpb_column mobile-pic vc_column_container vc_col-sm-6\"><div class=\"vc_column-inner vc_custom_1715959897406\"><div class=\"wpb_wrapper\"><figure class=\"vcex-image vcex-module textright\"><div class=\"vcex-image-inner wpex-relative wpex-w-100\"><img width=\"502\" height=\"270\" src=\"https:\/\/tsp-al.com\/wp-content\/uploads\/2024\/04\/tsp-about2.jpg\" class=\"vcex-image-img wpex-align-middle wpex-w-100 wpex-aspect-16-9 wpex-object-fill\" alt=\"\" loading=\"lazy\" decoding=\"async\" \/><\/div><\/figure><\/div><\/div><\/div><\/div><div class=\"vc_row wpb_row vc_row-fluid vc_custom_1715766556573\"><div class=\"wpb_column vc_column_container vc_col-sm-12\"><div class=\"vc_column-inner\"><div class=\"wpb_wrapper\">\n\t<div class=\"wpb_text_column wpb_content_element\" >\n\t\t<div class=\"wpb_wrapper\">\n\t\t\t<p>TSP Al\u00fcminyum, Tekirda\u011f Ergene'de 5.000 metrekare kapal\u0131 alana sahip tesisinde \u00fcretti\u011fi al\u00fcminyum biyet \u00fcretimi ile 2023 y\u0131l\u0131ndan bu yana y\u00fckseliyor. Y\u0131ll\u0131k 60.000 ton \u00fcretim kapasitesine sahiptir ve ek yat\u0131r\u0131mlarla b\u00fcy\u00fcmeyi hedeflemektedir. Bilgili, i\u015fini seven ve h\u0131rsl\u0131 gen\u00e7 ekibimiz sayesinde mevcut yurti\u00e7i ve yurtd\u0131\u015f\u0131 m\u00fc\u015fteri portf\u00f6y\u00fc her ge\u00e7en g\u00fcn artmaktad\u0131r. \u00c7evre y\u00f6netmeliklerine uygun, uluslararas\u0131 sertifikal\u0131 \u00fcr\u00fcnler \u00fcretiyoruz. Uzmanlar\u0131m\u0131z, sipari\u015flerinizin \u00fcretiminin t\u00fcm a\u015famalar\u0131nda bulunarak, \u00fcr\u00fcnlerin kalitesinden ve zaman\u0131nda size teslim edilece\u011finden emin oluyor.<\/p>\n\n\t\t<\/div>\n\t<\/div>\n<\/div><\/div><\/div><\/div><div id=\"products\" class=\"vc_row wpb_row vc_row-fluid vc_custom_1715776081132 wpex-vc_row-has-fill wpex-vc-reset-negative-margin\" data-ls_id=\"#products\" tabindex=\"-1\"><div class=\"wpb_column vc_column_container vc_col-sm-12\"><div class=\"vc_column-inner\"><div class=\"wpb_wrapper\"><div class=\"vcex-heading vcex-heading-plain vcex-module wpex-heading wpex-text-2xl\"><span class=\"vcex-heading-inner wpex-inline-block\">\u00dcr\u00fcnlerimiz<\/span><\/div><\/div><\/div><\/div><\/div><div class=\"vc_row wpb_row vc_row-fluid vc_row-o-content-middle vc_row-flex\"><div class=\"wpb_column vc_column_container vc_col-sm-6\"><div class=\"vc_column-inner\"><div class=\"wpb_wrapper\"><figure class=\"vcex-image vcex-module textleft\"><div class=\"vcex-image-inner wpex-relative wpex-inline-block\"><img width=\"1400\" height=\"787\" src=\"https:\/\/tsp-al.com\/wp-content\/uploads\/2024\/05\/galeri_buyuk_16.jpg\" class=\"vcex-image-img wpex-align-middle\" alt=\"\" loading=\"lazy\" decoding=\"async\" \/><\/div><\/figure><\/div><\/div><\/div><div class=\"wpb_column vc_column_container vc_col-sm-6\"><div class=\"vc_column-inner vc_custom_1715759766414\"><div class=\"wpb_wrapper\">\n\t<div style=\"text-align:left;\" class=\"wpb_text_column wpb_content_element\" >\n\t\t<div class=\"wpb_wrapper\">\n\t\t\t<p>\u00dcretilen \u00dcr\u00fcn: Al\u00fcminyum Billet<br \/>\nAla\u015f\u0131mlar: 6xxx, 3\u0445\u0445\u0445 ve 1xxx serisi<br \/>\nBillet Diameter:<\/p>\n<ul>\n<li>4,5\u2019\u2019 (114 \u00d8)<\/li>\n<li>5\u2019\u2019 (127 \u00d8)<\/li>\n<li>5,5\u2019\u2019 (140 \u00d8)<\/li>\n<li>6\u2019\u2019 (152 \u00d8)<\/li>\n<li>7\u2019\u2019 (178 \u00d8)<\/li>\n<li>8\u2019\u2019 (203 \u00d8)<\/li>\n<li>9\u2019\u2019 (228 \u00d8)<\/li>\n<li>10\u2019\u2019 (254 \u00d8)<\/li>\n<\/ul>\n<p><a href=\"https:\/\/tsp-al.com\/wp-content\/uploads\/2025\/04\/spec_tr.pdf\" target=\"_blank\" rel=\"noopener\">Spesifikasyonlara ba\u011flant\u0131<\/a><\/p>\n\n\t\t<\/div>\n\t<\/div>\n<\/div><\/div><\/div><\/div><div id=\"send_request\" class=\"vc_row wpb_row vc_row-fluid vc_custom_1715776094158 wpex-vc_row-has-fill wpex-vc-reset-negative-margin\" data-ls_id=\"#send_request\" tabindex=\"-1\"><div class=\"wpb_column vc_column_container vc_col-sm-12\"><div class=\"vc_column-inner\"><div class=\"wpb_wrapper\"><div class=\"vcex-heading vcex-heading-plain vcex-module wpex-heading wpex-text-2xl\"><span class=\"vcex-heading-inner wpex-inline-block\">Sertifikalar<\/span><\/div><\/div><\/div><\/div><\/div><div class=\"vc_row wpb_row vc_row-fluid\"><div class=\"wpb_column vc_column_container vc_col-sm-12\"><div class=\"vc_column-inner\"><div class=\"wpb_wrapper\">\n\t<div class=\"wpb_text_column wpb_content_element\" >\n\t\t<div class=\"wpb_wrapper\">\n\t\t\t<p>Al\u00fcminyum Billet \u00dcretim Tesisi<br \/>\nTSP Al\u00fcminyum, yenilenmi\u015f y\u00fcksek teknoloji sistemleri ile 4,5\u201d den 10\u201d \u00e7apa kadar 6xxx, 3\u0445\u0445\u0445  ve  1xxx serisi al\u00fcminyum billet \u00fcretimi ve proje ihtiya\u00e7lar\u0131na uygun \u015fekilde \u00fcr\u00fcnler \u00fcretmektedir<\/p>\n\n\t\t<\/div>\n\t<\/div>\n<div class=\"vcex-spacing wpex-w-100 wpex-clear\"><\/div><\/div><\/div><\/div><div class=\"wpb_column vc_column_container vc_col-sm-3\"><div class=\"vc_column-inner\"><div class=\"wpb_wrapper\"><figure class=\"vcex-image vcex-module\"><div class=\"vcex-image-inner wpex-relative wpex-inline-block\"><a href=\"\/wp-content\/uploads\/2025\/11\/ISO-45001_2018.pdf\"><img width=\"229\" height=\"322\" src=\"https:\/\/tsp-al.com\/wp-content\/uploads\/2025\/11\/ISO-45001_2018.png\" class=\"vcex-image-img wpex-align-middle\" alt=\"\" loading=\"lazy\" decoding=\"async\" srcset=\"https:\/\/tsp-al.com\/wp-content\/uploads\/2025\/11\/ISO-45001_2018.png 229w, https:\/\/tsp-al.com\/wp-content\/uploads\/2025\/11\/ISO-45001_2018-213x300.png 213w, https:\/\/tsp-al.com\/wp-content\/uploads\/2025\/11\/ISO-45001_2018-9x12.png 9w\" sizes=\"(max-width: 229px) 100vw, 229px\" \/><\/a><\/div><\/figure>\n\t<div class=\"wpb_text_column wpb_content_element\" >\n\t\t<div class=\"wpb_wrapper\">\n\t\t\t<p><span style=\"font-size: 16px;\"><a href=\"\/wp-content\/uploads\/2025\/11\/ISO-45001_2018.pdf\">Sertifika ISO 45001:2018<\/a><\/span><\/p>\n\n\t\t<\/div>\n\t<\/div>\n<\/div><\/div><\/div><div class=\"wpb_column vc_column_container vc_col-sm-3\"><div class=\"vc_column-inner\"><div class=\"wpb_wrapper\"><figure class=\"vcex-image vcex-module\"><div class=\"vcex-image-inner wpex-relative wpex-inline-block\"><a href=\"\/wp-content\/uploads\/2025\/11\/ISO-14001_2015.pdf\"><img width=\"229\" height=\"322\" src=\"https:\/\/tsp-al.com\/wp-content\/uploads\/2025\/11\/ISO-14001_2015.png\" class=\"vcex-image-img wpex-align-middle\" alt=\"\" loading=\"lazy\" decoding=\"async\" srcset=\"https:\/\/tsp-al.com\/wp-content\/uploads\/2025\/11\/ISO-14001_2015.png 229w, https:\/\/tsp-al.com\/wp-content\/uploads\/2025\/11\/ISO-14001_2015-213x300.png 213w, https:\/\/tsp-al.com\/wp-content\/uploads\/2025\/11\/ISO-14001_2015-9x12.png 9w\" sizes=\"(max-width: 229px) 100vw, 229px\" \/><\/a><\/div><\/figure>\n\t<div class=\"wpb_text_column wpb_content_element\" >\n\t\t<div class=\"wpb_wrapper\">\n\t\t\t<p><span style=\"font-size: 16px;\"><a href=\"\/wp-content\/uploads\/2025\/11\/ISO-14001_2015.pdf\">Sertifika ISO 14001:2015<\/a><\/span><\/p>\n\n\t\t<\/div>\n\t<\/div>\n<\/div><\/div><\/div><div class=\"wpb_column vc_column_container vc_col-sm-3\"><div class=\"vc_column-inner\"><div class=\"wpb_wrapper\"><figure class=\"vcex-image vcex-module\"><div class=\"vcex-image-inner wpex-relative wpex-inline-block\"><a href=\"\/wp-content\/uploads\/2025\/11\/ISO-10002_2018.pdf\"><img width=\"230\" height=\"323\" src=\"https:\/\/tsp-al.com\/wp-content\/uploads\/2025\/11\/ISO-10002_2018.png\" class=\"vcex-image-img wpex-align-middle\" alt=\"\" loading=\"lazy\" decoding=\"async\" srcset=\"https:\/\/tsp-al.com\/wp-content\/uploads\/2025\/11\/ISO-10002_2018.png 230w, https:\/\/tsp-al.com\/wp-content\/uploads\/2025\/11\/ISO-10002_2018-214x300.png 214w, https:\/\/tsp-al.com\/wp-content\/uploads\/2025\/11\/ISO-10002_2018-9x12.png 9w\" sizes=\"(max-width: 230px) 100vw, 230px\" \/><\/a><\/div><\/figure>\n\t<div class=\"wpb_text_column wpb_content_element\" >\n\t\t<div class=\"wpb_wrapper\">\n\t\t\t<p><span style=\"font-size: 16px;\"><a href=\"\/wp-content\/uploads\/2025\/11\/ISO-10002_2018.pdf\">Sertifika ISO 10002:2018<\/a><\/span><\/p>\n\n\t\t<\/div>\n\t<\/div>\n<\/div><\/div><\/div><div class=\"wpb_column vc_column_container vc_col-sm-3\"><div class=\"vc_column-inner\"><div class=\"wpb_wrapper\"><figure class=\"vcex-image vcex-module\"><div class=\"vcex-image-inner wpex-relative wpex-inline-block\"><a href=\"\/wp-content\/uploads\/2025\/11\/ISO-9001_2015.pdf\"><img width=\"229\" height=\"324\" src=\"https:\/\/tsp-al.com\/wp-content\/uploads\/2025\/11\/ISO-9001_2015.png\" class=\"vcex-image-img wpex-align-middle\" alt=\"\" loading=\"lazy\" decoding=\"async\" srcset=\"https:\/\/tsp-al.com\/wp-content\/uploads\/2025\/11\/ISO-9001_2015.png 229w, https:\/\/tsp-al.com\/wp-content\/uploads\/2025\/11\/ISO-9001_2015-212x300.png 212w, https:\/\/tsp-al.com\/wp-content\/uploads\/2025\/11\/ISO-9001_2015-8x12.png 8w\" sizes=\"(max-width: 229px) 100vw, 229px\" \/><\/a><\/div><\/figure>\n\t<div class=\"wpb_text_column wpb_content_element\" >\n\t\t<div class=\"wpb_wrapper\">\n\t\t\t<p><span style=\"font-size: 16px;\"><a href=\"\/wp-content\/uploads\/2025\/11\/ISO-9001_2015.pdf\">Sertifika ISO 9001:2015<\/a><\/span><\/p>\n\n\t\t<\/div>\n\t<\/div>\n<\/div><\/div><\/div><\/div><div id=\"contacts\" class=\"vc_row wpb_row vc_row-fluid vc_custom_1715776110491 wpex-vc_row-has-fill wpex-vc-reset-negative-margin\" data-ls_id=\"#contacts\" tabindex=\"-1\"><div class=\"wpb_column vc_column_container vc_col-sm-12\"><div class=\"vc_column-inner\"><div class=\"wpb_wrapper\"><div class=\"vcex-heading vcex-heading-plain vcex-module wpex-heading wpex-text-2xl\"><span class=\"vcex-heading-inner wpex-inline-block\">\u0130leti\u015fim<\/span><\/div><\/div><\/div><\/div><\/div><div class=\"vc_row wpb_row vc_row-fluid vc_custom_1715776368531\"><div class=\"wpb_column vc_column_container vc_col-sm-3\"><div class=\"vc_column-inner\"><div class=\"wpb_wrapper\"><div class=\"vcex-module vcex-icon-box vcex-icon-box-one wpex-flex wpex-text-left\"><div class=\"vcex-icon-box-symbol wpex-flex-shrink-0 wpex-mr-0\"><div class=\"vcex-icon-box-icon wpex-inline-flex wpex-items-center wpex-justify-center wpex-child-inherit-color wpex-text-center wpex-leading-none wpex-text-1\"><span aria-hidden=\"true\" class=\"ticon ticon-star-o\"><\/span><\/div><\/div><div class=\"vcex-icon-box-text wpex-flex-grow\"><div class=\"vcex-icon-box-content wpex-last-mb-0 wpex-clr\"><p><strong><span style=\"font-size: 16px\">Selim Sercan Uz<\/span><\/strong><br \/>\nGenel m\u00fcd\u00fcr<br \/>\n+90 501 014 6436<br \/>\n<a href=\"mailto:Sercan.Selim@tsp-al.com\">Sercan.Selim@tsp-al.com<\/a><\/p>\n<\/div><\/div><\/div><div class=\"vcex-spacing wpex-w-100 wpex-clear\"><\/div><div class=\"vcex-module vcex-icon-box vcex-icon-box-one wpex-flex vcex-icon-box-wo-icon wpex-text-left\"><div class=\"vcex-icon-box-text wpex-flex-grow\"><div class=\"vcex-icon-box-content wpex-last-mb-0 wpex-clr\"><p><strong><span style=\"font-size: 16px\">Ilnur Yusupov<\/span><\/strong><br \/>\nFinans m\u00fcd\u00fcr\u00fc<br \/>\n<a href=\"mailto:Ilnur.Yusupov@tsp-al.com@tsp-al.com\">Ilnur.Yusupov@tsp-al.com<\/a><\/p>\n<\/div><\/div><\/div><\/div><\/div><\/div><div class=\"wpb_column vc_column_container vc_col-sm-3\"><div class=\"vc_column-inner\"><div class=\"wpb_wrapper\"><div class=\"vcex-module vcex-icon-box vcex-icon-box-one wpex-flex wpex-text-left\"><div class=\"vcex-icon-box-symbol wpex-flex-shrink-0 wpex-mr-0\"><div class=\"vcex-icon-box-icon wpex-inline-flex wpex-items-center wpex-justify-center wpex-child-inherit-color wpex-text-center wpex-leading-none wpex-text-1\"><span aria-hidden=\"true\" class=\"ticon ticon-star-o\"><\/span><\/div><\/div><div class=\"vcex-icon-box-text wpex-flex-grow\"><div class=\"vcex-icon-box-content wpex-last-mb-0 wpex-clr\"><p><strong><span style=\"font-size: 16px\">Cem Tun\u00e7<\/span><\/strong><br \/>\nTicaret m\u00fcd\u00fcr\u00fc<br \/>\n+90 552 090 2844<br \/>\n<a href=\"mailto:Cem.Tunc@tsp-al.com\">Cem.Tunc@tsp-al.com<\/a><\/p>\n<\/div><\/div><\/div><div class=\"vcex-spacing wpex-w-100 wpex-clear\"><\/div><div class=\"vcex-module vcex-icon-box vcex-icon-box-one wpex-flex vcex-icon-box-wo-icon wpex-text-left\"><div class=\"vcex-icon-box-text wpex-flex-grow\"><div class=\"vcex-icon-box-content wpex-last-mb-0 wpex-clr\"><p><strong><span style=\"font-size: 16px\">Genel mail<\/span><\/strong><br \/>\n<a href=\"mailto:office.tsp@tsp-al.com\">office.tsp@tsp-al.com<\/a><\/p>\n<\/div><\/div><\/div><\/div><\/div><\/div><div class=\"wpb_column vc_column_container vc_col-sm-6\"><div class=\"vc_column-inner\"><div class=\"wpb_wrapper\"><figure class=\"vcex-image vcex-module\"><div class=\"vcex-image-inner wpex-relative wpex-inline-block\"><img width=\"1400\" height=\"787\" src=\"https:\/\/tsp-al.com\/wp-content\/uploads\/2024\/05\/galeri_buyuk_14.jpg\" class=\"vcex-image-img wpex-align-middle\" alt=\"\" loading=\"lazy\" decoding=\"async\" \/><\/div><\/figure><\/div><\/div><\/div><\/div>\n<\/div>","protected":false},"excerpt":{"rendered":"Home About Us TSP Aluminum has been rising with aluminum billet production since 2023 produces in its facility with a closed area of 5,000 square meters in Ergene, Tekirdag. It has an annual production capacity of 60,000 tons and aims to grow with additional investments. The current domestic and international customer portfolio is increasing day&hellip;","protected":false},"author":1,"featured_media":0,"parent":0,"menu_order":0,"comment_status":"closed","ping_status":"closed","template":"","meta":{"footnotes":""},"_links":{"self":[{"href":"https:\/\/tsp-al.com\/tr\/wp-json\/wp\/v2\/pages\/41"}],"collection":[{"href":"https:\/\/tsp-al.com\/tr\/wp-json\/wp\/v2\/pages"}],"about":[{"href":"https:\/\/tsp-al.com\/tr\/wp-json\/wp\/v2\/types\/page"}],"author":[{"embeddable":true,"href":"https:\/\/tsp-al.com\/tr\/wp-json\/wp\/v2\/users\/1"}],"replies":[{"embeddable":true,"href":"https:\/\/tsp-al.com\/tr\/wp-json\/wp\/v2\/comments?post=41"}],"version-history":[{"count":120,"href":"https:\/\/tsp-al.com\/tr\/wp-json\/wp\/v2\/pages\/41\/revisions"}],"predecessor-version":[{"id":544,"href":"https:\/\/tsp-al.com\/tr\/wp-json\/wp\/v2\/pages\/41\/revisions\/544"}],"wp:attachment":[{"href":"https:\/\/tsp-al.com\/tr\/wp-json\/wp\/v2\/media?parent=41"}],"curies":[{"name":"wp","href":"https:\/\/api.w.org\/{rel}","templated":true}]}}